{"id":459,"date":"2024-07-08T08:13:52","date_gmt":"2024-07-08T08:13:52","guid":{"rendered":"http:\/\/dimorebolognesi.com\/?page_id=459"},"modified":"2024-07-08T08:13:52","modified_gmt":"2024-07-08T08:13:52","slug":"cookie-policy-e-trattamento-dati","status":"publish","type":"page","link":"https:\/\/dimorebolognesi.com\/index.php\/cookie-policy-e-trattamento-dati\/","title":{"rendered":"Cookie Policy e trattamento dati"},"content":{"rendered":"\n<p>Dimore Bolognesi rispetta i tuoi dati personali.&nbsp;Perch\u00e9 usiamo i cookie? Utilizziamo solo i nostri cookie e quelli di terze parti per migliorare la qualit\u00e0 della navigazione, per offrire contenuti personalizzati, per elaborare statistiche, per fornirti pubblicit\u00e0 in linea con le tue preferenze e agevolare la tua esperienza sui social network.&nbsp; Se continui a utilizzare il nostro sito, accetti i nostri cookie.<\/p>\n\n\n\n<p>Se desideri ricevere ulteriori informazioni su come usiamo questi dati, cancellare tutti o parte dei cookie SCRIVICI A DIMOREBOLOGNESI@GMAIL.COM&nbsp;<\/p>\n\n\n\n<p>Questo sito utilizza i cookies. Utilizzando il nostro sito web l&#8217;utente dichiara di accettare e acconsentire all\u2019utilizzo dei cookies in conformit\u00e0 con i termini di uso dei cookies espressi in questo documento.<\/p>\n\n\n\n<p>CHE COSA SONO I COOKIE?<\/p>\n\n\n\n<p>I cookie sono file di testo che contengono pacchetti di informazioni che vengono memorizzati sul tuo computer o sul tuo dispositivo mobile tutte le volte che visiti un sito online attraverso un browser. Ad ogni successiva visita il browser invia questi cookies al sito web che li ha originati o ad un altro sito. I cookies permettono ai siti di ricordare alcune informazioni per permetterti di navigare online in modo semplice e veloce. Ci sono due principali tipi di cookie: i cookie di sessione e cookies permanenti. I cookie di sessione vengono eliminati dal computer automaticamente quando chiudi il browser, mentre i cookie permanenti restano memorizzati sul tuo computer a meno che non siano eliminati o raggiungano la loro data di scadenza.<\/p>\n\n\n\n<p>I COOKIE SUL NOSTRO SITO<\/p>\n\n\n\n<p>Dimore Bolognesi e il sito dimorebolognesi.com&nbsp;utilizza i seguenti cookie tecnici, che vengono installati automaticamente a seguito dell\u2019accesso al sito, per le finalit\u00e0 indicate in relazione a ciascuno di essi:<\/p>\n\n\n\n<p>eCookie&nbsp;\u2013 L&#8217;eCookie ti permette il riconoscimento automatico sul sito, in questo modo non hai bisogno di effettuare manualmente il login ad ogni visita.<\/p>\n\n\n\n<p>Session cookie&nbsp;\u2013 Il cookie di sessione archivia e recupera valori per un determinato utente. Le informazioni sono archiviate lato server e solo l\u2019ID univoco contenuto nel cookie viene condiviso tra l\u2019utente e il server. Le informazioni memorizzate sul server restano in memoria fino alla scadenza della sessione. Il cookie stesso non contiene dati personali.<\/p>\n\n\n\n<p>I COOKIE DI TERZE PARTI<\/p>\n\n\n\n<p>Google<\/p>\n\n\n\n<p>Dimore Bolognesi e il sito dimorebolognesi.com&nbsp;utilizza Google Analytics per raccogliere informazioni circa l&#8217;utilizzo degli utenti del proprio sito web. Google Analytics genera informazioni statistiche e di altro genere attraverso i cookie, memorizzati sui computer degli utenti. Le informazioni generate relative al nostro sito web sono utilizzate per fare dei report sull\u2019utilizzo dei siti web. Google memorizzer\u00e0 ed utilizzer\u00e0 queste informazioni. La politica sulla privacy di Google \u00e8 disponibile al seguente indirizzo:&nbsp;http:\/\/www.google.com\/privacypolicy.html.<\/p>\n\n\n\n<p>Tracking<\/p>\n\n\n\n<p>Dimore Bolognesi e il sito dimorebolognesi.com&nbsp;utilizza un cookie per misurare le performance di campagne pubblicitarie per inserzionisti che eseguono attivit\u00e0 promozionale.<\/p>\n\n\n\n<p>Il cookie atto a tracciare l\u2019attivit\u00e0 promozionale \u00e8 generato quando un utente clicca su un\u2019inserzione.<\/p>\n\n\n\n<p>Questi cookie cessano la propria attivit\u00e0 dopo 30 giorni e non possono identificare la persona. Se il cookie non \u00e8 ancora scaduto quando l\u2019utente visita determinate pagine del sito dell\u2019inserzionista Altroconsumo e l\u2019inserzionista saranno in grado di dire che l\u2019utente ha cliccato e navigato in quella pagina.<\/p>\n\n\n\n<p>COME DISABILITARE I COOKIE<\/p>\n\n\n\n<p>\u200b<\/p>\n\n\n\n<p>Nel caso volessi bloccare cookie ti ricordiamo che questo potrebbe avere un impatto negativo sull\u2019usabilit\u00e0 di alcuni siti web.<\/p>\n\n\n\n<p>La maggior parte dei browser ti permette di rifiutare\/accettare i cookie. Di seguito ti riportiamo alcune informazioni pratiche per disabilitare i cookie sul browser che stai utilizzando.<\/p>\n\n\n\n<p>Microsoft Internet Explorer<\/p>\n\n\n\n<p>Cliccare l\u2019icona &#8216;Strumenti&#8217; nell\u2019angolo in alto a destra e selezionare &#8216;Opzioni internet&#8217;. Nella finestra pop up selezionare &#8216;Privacy&#8217;. Qui potrete regolare le impostazioni dei vostri cookies.<\/p>\n\n\n\n<p>Google Chrome<\/p>\n\n\n\n<p>Cliccare la chiave inglese nell\u2019angolo in alto a destra e selezionare &#8216;Impostazioni&#8217;. A questo punto selezionare &#8216;Mostra impostazioni avanzate\u2019 (\u201cUnder the hood&#8217;\u201d) e cambiare le impostazioni della &#8216;Privacy&#8217;.<\/p>\n\n\n\n<p>Mozilla Firefox<\/p>\n\n\n\n<p>Dal menu a tendina nell\u2019angolo in alto a sinistra selezionare &#8216;Opzioni&#8217;. Nella finestra di pop up selezionare &#8216;Privacy&#8217;. Qui potrete regolare le impostazioni dei vostri cookies.<\/p>\n\n\n\n<p>Safari<\/p>\n\n\n\n<p>Dal menu di impostazione a tendina nell\u2019angolo in alto a destra selezionare &#8216;Preferenze&#8217;. Selezionare &#8216;Sicurezza&#8217; e qui potrete regolare le impostazioni dei vostri cookies.<\/p>\n\n\n\n<p>Per saperne di pi\u00f9 riguardo ai cookie e come gestire o disabilitare quelli di terze parti o di marketing\/retargeting, visita&nbsp;www.youronlinechoices.com.<\/p>\n\n\n\n<p>Per disabilitare i cookie analitici e per impedire a Google Analytics di raccogliere dati sulla tua navigazione, puoi scaricare il Componente aggiuntivo del browser per la disattivazione di Google Analytics:https:\/\/tools.google.com\/dlpage\/gaoptout.<\/p>\n\n\n\n<p>Titolare del trattamento.&nbsp;Dimore Bolognesi di Beniamino Truocchio via Pizzardi,111 Bologna<\/p>\n\n\n\n<p>Diritti dell\u2019interessato.&nbsp;Ai sensi dell\u2019art. 7 Codice Privacy, in qualsiasi momento l\u2019interessato ha diritto di ottenere la conferma dell\u2019esistenza o meno dei dati che lo riguardano e di conoscerne il contenuto e l\u2019origine, di verificarne l\u2019esattezza o chiederne l\u2019integrazione o l\u2019aggiornamento, oppure la rettificazione. Ha altres\u00ec il diritto di chiedere la cancellazione, la trasformazione in forma anonima o il blocco dei dati trattati in violazione di legge, nonch\u00e9 di opporsi per motivi legittimi al trattamento dei dati che la riguardano scrivendo all\u2019indirizzo sopra indicato.<\/p>\n","protected":false},"excerpt":{"rendered":"<p>Dimore Bolognesi rispetta i tuoi dati personali.&nbsp;Perch\u00e9 usiamo i cookie? Utilizziamo solo i nostri cookie e quelli di terze parti per migliorare la qualit\u00e0 della navigazione, per offrire contenuti personalizzati, per elaborare statistiche, per fornirti pubblicit\u00e0 in linea con le tue preferenze e agevolare la tua esperienza sui social network.&nbsp; Se continui a utilizzare il [&hellip;]<\/p>\n","protected":false},"author":1,"featured_media":0,"parent":0,"menu_order":0,"comment_status":"closed","ping_status":"closed","template":"","meta":{"ocean_post_layout":"full-width","ocean_both_sidebars_style":"","ocean_both_sidebars_content_width":0,"ocean_both_sidebars_sidebars_width":0,"ocean_sidebar":"","ocean_second_sidebar":"","ocean_disable_margins":"enable","ocean_add_body_class":"","ocean_shortcode_before_top_bar":"","ocean_shortcode_after_top_bar":"","ocean_shortcode_before_header":"","ocean_shortcode_after_header":"","ocean_has_shortcode":"","ocean_shortcode_after_title":"","ocean_shortcode_before_footer_widgets":"","ocean_shortcode_after_footer_widgets":"","ocean_shortcode_before_footer_bottom":"","ocean_shortcode_after_footer_bottom":"","ocean_display_top_bar":"default","ocean_display_header":"default","ocean_header_style":"","ocean_center_header_left_menu":"","ocean_custom_header_template":"","ocean_custom_logo":0,"ocean_custom_retina_logo":0,"ocean_custom_logo_max_width":0,"ocean_custom_logo_tablet_max_width":0,"ocean_custom_logo_mobile_max_width":0,"ocean_custom_logo_max_height":0,"ocean_custom_logo_tablet_max_height":0,"ocean_custom_logo_mobile_max_height":0,"ocean_header_custom_menu":"","ocean_menu_typo_font_family":"","ocean_menu_typo_font_subset":"","ocean_menu_typo_font_size":0,"ocean_menu_typo_font_size_tablet":0,"ocean_menu_typo_font_size_mobile":0,"ocean_menu_typo_font_size_unit":"px","ocean_menu_typo_font_weight":"","ocean_menu_typo_font_weight_tablet":"","ocean_menu_typo_font_weight_mobile":"","ocean_menu_typo_transform":"","ocean_menu_typo_transform_tablet":"","ocean_menu_typo_transform_mobile":"","ocean_menu_typo_line_height":0,"ocean_menu_typo_line_height_tablet":0,"ocean_menu_typo_line_height_mobile":0,"ocean_menu_typo_line_height_unit":"","ocean_menu_typo_spacing":0,"ocean_menu_typo_spacing_tablet":0,"ocean_menu_typo_spacing_mobile":0,"ocean_menu_typo_spacing_unit":"","ocean_menu_link_color":"","ocean_menu_link_color_hover":"","ocean_menu_link_color_active":"","ocean_menu_link_background":"","ocean_menu_link_hover_background":"","ocean_menu_link_active_background":"","ocean_menu_social_links_bg":"","ocean_menu_social_hover_links_bg":"","ocean_menu_social_links_color":"","ocean_menu_social_hover_links_color":"","ocean_disable_title":"default","ocean_disable_heading":"default","ocean_post_title":"","ocean_post_subheading":"","ocean_post_title_style":"","ocean_post_title_background_color":"","ocean_post_title_background":0,"ocean_post_title_bg_image_position":"","ocean_post_title_bg_image_attachment":"","ocean_post_title_bg_image_repeat":"","ocean_post_title_bg_image_size":"","ocean_post_title_height":0,"ocean_post_title_bg_overlay":0.5,"ocean_post_title_bg_overlay_color":"","ocean_disable_breadcrumbs":"default","ocean_breadcrumbs_color":"","ocean_breadcrumbs_separator_color":"","ocean_breadcrumbs_links_color":"","ocean_breadcrumbs_links_hover_color":"","ocean_display_footer_widgets":"default","ocean_display_footer_bottom":"default","ocean_custom_footer_template":"","footnotes":""},"class_list":["post-459","page","type-page","status-publish","hentry","entry"],"yoast_head":"<!-- This site is optimized with the Yoast SEO plugin v27.4 - https:\/\/yoast.com\/product\/yoast-seo-wordpress\/ -->\n<title>Cookie Policy e trattamento dati - Appartamenti Vacanza a Bologna | Dimore Bolognesi<\/title>\n<meta name=\"robots\" content=\"index, follow, max-snippet:-1, max-image-preview:large, max-video-preview:-1\" \/>\n<link rel=\"canonical\" href=\"https:\/\/dimorebolognesi.com\/index.php\/cookie-policy-e-trattamento-dati\/\" \/>\n<meta property=\"og:locale\" content=\"it_IT\" \/>\n<meta property=\"og:type\" content=\"article\" \/>\n<meta property=\"og:title\" content=\"Cookie Policy e trattamento dati - Appartamenti Vacanza a Bologna | Dimore Bolognesi\" \/>\n<meta property=\"og:description\" content=\"Dimore Bolognesi rispetta i tuoi dati personali.&nbsp;Perch\u00e9 usiamo i cookie? Utilizziamo solo i nostri cookie e quelli di terze parti per migliorare la qualit\u00e0 della navigazione, per offrire contenuti personalizzati, per elaborare statistiche, per fornirti pubblicit\u00e0 in linea con le tue preferenze e agevolare la tua esperienza sui social network.&nbsp; Se continui a utilizzare il [&hellip;]\" \/>\n<meta property=\"og:url\" content=\"https:\/\/dimorebolognesi.com\/index.php\/cookie-policy-e-trattamento-dati\/\" \/>\n<meta property=\"og:site_name\" content=\"Appartamenti Vacanza a Bologna | Dimore Bolognesi\" \/>\n<meta property=\"article:publisher\" content=\"https:\/\/www.facebook.com\/affittibrevibologna\" \/>\n<meta name=\"twitter:card\" content=\"summary_large_image\" \/>\n<meta name=\"twitter:label1\" content=\"Tempo di lettura stimato\" \/>\n\t<meta name=\"twitter:data1\" content=\"5 minuti\" \/>\n<script type=\"application\/ld+json\" class=\"yoast-schema-graph\">{\"@context\":\"https:\\\/\\\/schema.org\",\"@graph\":[{\"@type\":\"WebPage\",\"@id\":\"https:\\\/\\\/dimorebolognesi.com\\\/index.php\\\/cookie-policy-e-trattamento-dati\\\/\",\"url\":\"https:\\\/\\\/dimorebolognesi.com\\\/index.php\\\/cookie-policy-e-trattamento-dati\\\/\",\"name\":\"Cookie Policy e trattamento dati - Appartamenti Vacanza a Bologna | Dimore Bolognesi\",\"isPartOf\":{\"@id\":\"https:\\\/\\\/dimorebolognesi.com\\\/#website\"},\"datePublished\":\"2024-07-08T08:13:52+00:00\",\"breadcrumb\":{\"@id\":\"https:\\\/\\\/dimorebolognesi.com\\\/index.php\\\/cookie-policy-e-trattamento-dati\\\/#breadcrumb\"},\"inLanguage\":\"it-IT\",\"potentialAction\":[{\"@type\":\"ReadAction\",\"target\":[\"https:\\\/\\\/dimorebolognesi.com\\\/index.php\\\/cookie-policy-e-trattamento-dati\\\/\"]}]},{\"@type\":\"BreadcrumbList\",\"@id\":\"https:\\\/\\\/dimorebolognesi.com\\\/index.php\\\/cookie-policy-e-trattamento-dati\\\/#breadcrumb\",\"itemListElement\":[{\"@type\":\"ListItem\",\"position\":1,\"name\":\"Home\",\"item\":\"https:\\\/\\\/dimorebolognesi.com\\\/\"},{\"@type\":\"ListItem\",\"position\":2,\"name\":\"Cookie Policy e trattamento dati\"}]},{\"@type\":\"WebSite\",\"@id\":\"https:\\\/\\\/dimorebolognesi.com\\\/#website\",\"url\":\"https:\\\/\\\/dimorebolognesi.com\\\/\",\"name\":\"Dimore Bolognesi\",\"description\":\"Affitti brevi &amp; appartamenti turistici\",\"publisher\":{\"@id\":\"https:\\\/\\\/dimorebolognesi.com\\\/#organization\"},\"potentialAction\":[{\"@type\":\"SearchAction\",\"target\":{\"@type\":\"EntryPoint\",\"urlTemplate\":\"https:\\\/\\\/dimorebolognesi.com\\\/?s={search_term_string}\"},\"query-input\":{\"@type\":\"PropertyValueSpecification\",\"valueRequired\":true,\"valueName\":\"search_term_string\"}}],\"inLanguage\":\"it-IT\"},{\"@type\":\"Organization\",\"@id\":\"https:\\\/\\\/dimorebolognesi.com\\\/#organization\",\"name\":\"Dimore Bolognesi\",\"url\":\"https:\\\/\\\/dimorebolognesi.com\\\/\",\"logo\":{\"@type\":\"ImageObject\",\"inLanguage\":\"it-IT\",\"@id\":\"https:\\\/\\\/dimorebolognesi.com\\\/#\\\/schema\\\/logo\\\/image\\\/\",\"url\":\"https:\\\/\\\/dimorebolognesi.com\\\/wp-content\\\/uploads\\\/2025\\\/11\\\/cropped-logo-rettangolare-db-nov-25-1.jpg\",\"contentUrl\":\"https:\\\/\\\/dimorebolognesi.com\\\/wp-content\\\/uploads\\\/2025\\\/11\\\/cropped-logo-rettangolare-db-nov-25-1.jpg\",\"width\":1366,\"height\":375,\"caption\":\"Dimore Bolognesi\"},\"image\":{\"@id\":\"https:\\\/\\\/dimorebolognesi.com\\\/#\\\/schema\\\/logo\\\/image\\\/\"},\"sameAs\":[\"https:\\\/\\\/www.facebook.com\\\/affittibrevibologna\",\"https:\\\/\\\/www.instagram.com\\\/affitti_brevi_bologna\\\/\"]}]}<\/script>\n<!-- \/ Yoast SEO plugin. -->","yoast_head_json":{"title":"Cookie Policy e trattamento dati - Appartamenti Vacanza a Bologna | Dimore Bolognesi","robots":{"index":"index","follow":"follow","max-snippet":"max-snippet:-1","max-image-preview":"max-image-preview:large","max-video-preview":"max-video-preview:-1"},"canonical":"https:\/\/dimorebolognesi.com\/index.php\/cookie-policy-e-trattamento-dati\/","og_locale":"it_IT","og_type":"article","og_title":"Cookie Policy e trattamento dati - Appartamenti Vacanza a Bologna | Dimore Bolognesi","og_description":"Dimore Bolognesi rispetta i tuoi dati personali.&nbsp;Perch\u00e9 usiamo i cookie? Utilizziamo solo i nostri cookie e quelli di terze parti per migliorare la qualit\u00e0 della navigazione, per offrire contenuti personalizzati, per elaborare statistiche, per fornirti pubblicit\u00e0 in linea con le tue preferenze e agevolare la tua esperienza sui social network.&nbsp; Se continui a utilizzare il [&hellip;]","og_url":"https:\/\/dimorebolognesi.com\/index.php\/cookie-policy-e-trattamento-dati\/","og_site_name":"Appartamenti Vacanza a Bologna | Dimore Bolognesi","article_publisher":"https:\/\/www.facebook.com\/affittibrevibologna","twitter_card":"summary_large_image","twitter_misc":{"Tempo di lettura stimato":"5 minuti"},"schema":{"@context":"https:\/\/schema.org","@graph":[{"@type":"WebPage","@id":"https:\/\/dimorebolognesi.com\/index.php\/cookie-policy-e-trattamento-dati\/","url":"https:\/\/dimorebolognesi.com\/index.php\/cookie-policy-e-trattamento-dati\/","name":"Cookie Policy e trattamento dati - Appartamenti Vacanza a Bologna | Dimore Bolognesi","isPartOf":{"@id":"https:\/\/dimorebolognesi.com\/#website"},"datePublished":"2024-07-08T08:13:52+00:00","breadcrumb":{"@id":"https:\/\/dimorebolognesi.com\/index.php\/cookie-policy-e-trattamento-dati\/#breadcrumb"},"inLanguage":"it-IT","potentialAction":[{"@type":"ReadAction","target":["https:\/\/dimorebolognesi.com\/index.php\/cookie-policy-e-trattamento-dati\/"]}]},{"@type":"BreadcrumbList","@id":"https:\/\/dimorebolognesi.com\/index.php\/cookie-policy-e-trattamento-dati\/#breadcrumb","itemListElement":[{"@type":"ListItem","position":1,"name":"Home","item":"https:\/\/dimorebolognesi.com\/"},{"@type":"ListItem","position":2,"name":"Cookie Policy e trattamento dati"}]},{"@type":"WebSite","@id":"https:\/\/dimorebolognesi.com\/#website","url":"https:\/\/dimorebolognesi.com\/","name":"Dimore Bolognesi","description":"Affitti brevi &amp; appartamenti turistici","publisher":{"@id":"https:\/\/dimorebolognesi.com\/#organization"},"potentialAction":[{"@type":"SearchAction","target":{"@type":"EntryPoint","urlTemplate":"https:\/\/dimorebolognesi.com\/?s={search_term_string}"},"query-input":{"@type":"PropertyValueSpecification","valueRequired":true,"valueName":"search_term_string"}}],"inLanguage":"it-IT"},{"@type":"Organization","@id":"https:\/\/dimorebolognesi.com\/#organization","name":"Dimore Bolognesi","url":"https:\/\/dimorebolognesi.com\/","logo":{"@type":"ImageObject","inLanguage":"it-IT","@id":"https:\/\/dimorebolognesi.com\/#\/schema\/logo\/image\/","url":"https:\/\/dimorebolognesi.com\/wp-content\/uploads\/2025\/11\/cropped-logo-rettangolare-db-nov-25-1.jpg","contentUrl":"https:\/\/dimorebolognesi.com\/wp-content\/uploads\/2025\/11\/cropped-logo-rettangolare-db-nov-25-1.jpg","width":1366,"height":375,"caption":"Dimore Bolognesi"},"image":{"@id":"https:\/\/dimorebolognesi.com\/#\/schema\/logo\/image\/"},"sameAs":["https:\/\/www.facebook.com\/affittibrevibologna","https:\/\/www.instagram.com\/affitti_brevi_bologna\/"]}]}},"_links":{"self":[{"href":"https:\/\/dimorebolognesi.com\/index.php\/wp-json\/wp\/v2\/pages\/459","targetHints":{"allow":["GET"]}}],"collection":[{"href":"https:\/\/dimorebolognesi.com\/index.php\/wp-json\/wp\/v2\/pages"}],"about":[{"href":"https:\/\/dimorebolognesi.com\/index.php\/wp-json\/wp\/v2\/types\/page"}],"author":[{"embeddable":true,"href":"https:\/\/dimorebolognesi.com\/index.php\/wp-json\/wp\/v2\/users\/1"}],"replies":[{"embeddable":true,"href":"https:\/\/dimorebolognesi.com\/index.php\/wp-json\/wp\/v2\/comments?post=459"}],"version-history":[{"count":0,"href":"https:\/\/dimorebolognesi.com\/index.php\/wp-json\/wp\/v2\/pages\/459\/revisions"}],"wp:attachment":[{"href":"https:\/\/dimorebolognesi.com\/index.php\/wp-json\/wp\/v2\/media?parent=459"}],"curies":[{"name":"wp","href":"https:\/\/api.w.org\/{rel}","templated":true}]}}