{"id":461,"date":"2024-07-08T08:15:15","date_gmt":"2024-07-08T08:15:15","guid":{"rendered":"http:\/\/dimorebolognesi.com\/?page_id=461"},"modified":"2024-07-08T08:15:33","modified_gmt":"2024-07-08T08:15:33","slug":"privacy-policy-2","status":"publish","type":"page","link":"https:\/\/dimorebolognesi.com\/index.php\/privacy-policy-2\/","title":{"rendered":"Privacy Policy"},"content":{"rendered":"\n<p><strong>Informativa ai sensi dell&#8217;art. 13 del Codice della Privacy<\/strong><\/p>\n\n\n\n<p><strong>Ai sensi dell&#8217;articolo 13 del codice della D.Lgs. 196\/2003, vi rendiamo le seguenti informazioni.<\/strong><\/p>\n\n\n\n<p>Consenso<\/p>\n\n\n\n<p>Usando il nostro sito web,&nbsp;acconsenti alla nostra politica sulla privacy e accetti i suoi termini.&nbsp;Se desideri ulteriori informazioni o hai domande sulla nostra politica sulla privacy non esitare a contattarci.<\/p>\n\n\n\n<p>Questa politica sulla privacy si applica alle nostre attivit\u00e0&nbsp;<strong>online e offline<\/strong>&nbsp;ed \u00e8 valida per i visitatori del nostro sito web e per quanto riguarda le informazioni condivise e\/o raccolte.<\/p>\n\n\n\n<p>Natura obbligatoria<\/p>\n\n\n\n<p>Tutti i dati richiesti sono obbligatori.<\/p>\n\n\n\n<p>I dati richiesti sia attraverso il nostro sito web www.dimorebolognesi.com sia attraverso le comunicazione a mezzo mail dimorebolognesi@gmail.com saranno utilizzati per ottemperare esclusivamente alle seguenti attivit\u00e0:<\/p>\n\n\n\n<p>1)&nbsp;<strong><u>raccolta indirizzo mail e recapito telefonico<\/u><\/strong>&nbsp;attraverso il&nbsp;ns. sito, per formalizzare preventivi e intraprendere contatti telefonici al fine di fornire maggiori informazioni e concretizzare le prenotazioni dei nostri alloggi.<\/p>\n\n\n\n<p>2)&nbsp;<strong><u>raccolta dati anagrafici e richiesta&nbsp;di documenti di indentit\u00e0<\/u><\/strong>&nbsp;necessari per la fatturazione ed espletare le pratiche amministrative oltre alle relative alla comunicazioni alle autorit\u00e0 competenti ovvero&nbsp;Questura di Bologna &#8211; Imposta di soggiorno comune di Bologna &#8211; Ufficio statistiche Regione Emilia Romagna<\/p>\n\n\n\n<p>Questa politica non si applica a qualsiasi informazione raccolta in modalit\u00e0 offline o tramite canali diversi da questo sito web e da quanto sopra citato..<\/p>\n\n\n\n<p><strong>Dimore Bolognesi di Beniamino Truocchio www.dimorebolognesi.com<\/strong>&nbsp;riteniamo che la privacy dei nostri visitatori sia estremamente importante.<\/p>\n\n\n\n<p>Questo documento descrive dettagliatamente i tipi di informazioni personali raccolti e registrati dal nostro sito e come essi vengano utilizzati.<\/p>\n\n\n\n<p>File di Registrazione (Log Files)<\/p>\n\n\n\n<p>Come molti altri siti web, il nostro utilizza file di log. Questi file registrano semplicemente i visitatori del sito &#8211; di solito una procedura standard delle aziende di hosting e dei servizi di analisi degli hosting.<\/p>\n\n\n\n<p>Le informazioni contenute nei file di registro comprendono indirizzi di protocollo Internet (IP), il tipo di browser, Internet Service Provider (ISP), informazioni come data e ora, pagine referral, pagine d&#8217;uscita ed entrata o il numero di clic.<\/p>\n\n\n\n<p>Queste informazioni vengono utilizzate per analizzare le tendenze, amministrare il sito, monitorare il movimento degli utenti sul sito e raccogliere informazioni demografiche. Gli indirizzi IP e le altre informazioni non sono collegate a informazioni personali che possono essere identificate, dunque&nbsp;tutti i dati sono raccolti in forma assolutamente anonima.<\/p>\n\n\n\n<p><strong>Questo sito web utilizza i Cookies<\/strong><\/p>\n\n\n\n<p>I cookies sono piccoli file di testo che vengono automaticamente posizionati sul PC del navigatore all\u2019interno del browser. Essi contengono informazioni di base sulla navigazione in Internet e grazie al browser vengono riconosciuti ogni volta che l\u2019utente visita il sito.<\/p>\n\n\n\n<p>Cookie Policy<\/p>\n\n\n\n<p>Questo sito utilizza cookies, anche di terze parti, per migliorarne l\u2019esperienza di navigazione, consentire a chi naviga di usufruire di eventuali servizi online e monitorare la navigazione nel sito.<\/p>\n\n\n\n<p>Come disabilitare i Cookies<\/p>\n\n\n\n<p>E\u2019 possibile disabilitare i cookies direttamente dal browser utilizzato, accedendo alle impostazioni (preferenze oppure opzioni): questa scelta potrebbe limitare alcune funzionalit\u00e0 di navigazione del sito.<\/p>\n\n\n\n<p>Gestione dei Cookies<\/p>\n\n\n\n<p>I cookies utilizzati in questo sito possono rientrare nelle categorie descritte di seguito.<\/p>\n\n\n\n<p>Attivit\u00e0 strettamente necessarie al funzionamento<br>Questi cookies hanno natura tecnica e permettono al sito di funzionare correttamente. Ad esempio, mantengono l\u2019utente collegato durante la navigazione evitando che il sito richieda di collegarsi pi\u00f9 volte per accedere alle pagine successive.<\/p>\n\n\n\n<p>Attivit\u00e0 di salvataggio delle preferenze<br>Questi cookie permettono di ricordare le preferenze selezionate dall\u2019utente durante la navigazione, ad esempio, consentono di impostare la lingua.<\/p>\n\n\n\n<p>Attivit\u00e0 Statistiche e di Misurazione dell\u2019audience (es: Google Analytics)<br>Questi cookie ci aiutano a capire, attraverso dati raccolti in forma anonima e aggregata, come gli utenti interagiscono con i siti internet fornendo informazioni relative alle sezioni visitate, il tempo trascorso sul sito, eventuali malfunzionamenti. Questo aiuta a migliorare la resa dei siti internet.<\/p>\n\n\n\n<p>Cookie di social media (es: Facebook)<br>Questi cookie di terza parte vengono utilizzati per integrare alcune diffuse funzionalit\u00e0 dei principali social media e fornirle all\u2019interno del sito. In particolare permettono la registrazione e l\u2019autenticazione sul sito tramite facebook e google connect, la condivisione e i commenti di pagine del sito sui social, abilitano le funzionalit\u00e0 del \u201cmi piace\u201d su Facebook e del \u201c+1\u2033 su G+.<\/p>\n\n\n\n<p>Fornitori di terze parti<\/p>\n\n\n\n<p>I fornitori di terze parti, tra cui Google, utilizzano cookie per pubblicare annunci in base alle precedenti visite di un utente su questo sito.<\/p>\n\n\n\n<p>L&#8217;utilizzo dei cookie per la pubblicit\u00e0 consente a Google e ai suoi partner di pubblicare annunci per gli utenti di questo sito (e su altri siti) in base ai dati statistici raccolti su questo sito e sui siti web dei partner Google.<\/p>\n\n\n\n<p>Gli utenti possono scegliere di disattivare la pubblicit\u00e0 personalizzata, visitando la pagina&nbsp;Impostazioni annunci.<\/p>\n\n\n\n<p>Visitando la pagina www.aboutads.info potrai disattivare i cookies dei fornitori di terze parti.<\/p>\n\n\n\n<p>I nostri partner pubblicitari<\/p>\n\n\n\n<p>Alcuni dei nostri partner pubblicitari possono utilizzare i cookies sul nostro sito per raccogliere dati sulla navigazione degli utenti in forma anonima.<\/p>\n\n\n\n<p>Tra i nostri partner pubblicitari figurano:<\/p>\n\n\n\n<p>flazio.com facebook.com whatsapp.com google.com<\/p>\n\n\n\n<p>Gli annunci dei fornitori terze parti gestiscono reti pubblicitarie che utilizzano la tecnologia dei cookies nei rispettivi annunci e nei link che appaiono sul nostro sito. Gli annunci vengono cos\u00ec inviati direttamente al tuo browser. Riceveranno automaticamente il tuo indirizzo IP. Altre tecnologie (come i cookie o JavaScript) possono anche essere utilizzati dalle reti pubblicitarie di terze parti del nostro sito per misurare l&#8217;efficacia delle loro campagne pubblicitarie e\/o personalizzare i contenuti pubblicitari che vedete sul sito.<\/p>\n\n\n\n<p>Il nostro sito non ha accesso o non controlla questi cookie utilizzati da inserzionisti di terze parti.<\/p>\n\n\n\n<p><strong>Norme sulla privacy di terze parti<\/strong><\/p>\n\n\n\n<p>\u00c8 necessario consultare le rispettive norme sulla privacy di questi server di terze parti per ulteriori informazioni sulle loro pratiche e per istruzioni su come disattivare alcune pratiche.<\/p>\n\n\n\n<p>La nostra politica sulla privacy non si applica ai fornitori di terze parti ed ai partner pubblicitari, e non possiamo controllare le attivit\u00e0 di tali altri inserzionisti o siti web.<\/p>\n\n\n\n<p>Se desideri disattivare i cookie, puoi farlo attraverso le tue singole opzioni del browser. Ulteriori informazioni sulla gestione dei cookie con browser web specifico possono essere trovati nei rispettivi siti web dei browser<\/p>\n\n\n\n<p><strong>Finalit\u00e0 del trattamento<\/strong><\/p>\n\n\n\n<p>I dati possono essere raccolti per una o pi\u00f9 delle seguenti finalit\u00e0:<\/p>\n\n\n\n<p>fornire l&#8217;accesso ad aree riservate del Portale e di Portali\/siti collegati con il presente e all&#8217;invio di comunicazioni anche di carattere commerciale, notizie, aggiornamenti sulle iniziative di questo sito e delle societ\u00e0 da essa controllate e\/o collegate e\/o Sponsor.<\/p>\n\n\n\n<p>eventuale cessione a terzi dei suddetti dati, sempre finalizzata alla realizzazione di campagne di email marketing ed all&#8217;invio di comunicazioni di carattere commerciale.<\/p>\n\n\n\n<p>eseguire gli obblighi previsti da leggi o regolamenti;<\/p>\n\n\n\n<p>gestione contatti;<\/p>\n\n\n\n<p>Modalit\u00e0 del trattamento<\/p>\n\n\n\n<p>I dati verranno trattati con le seguenti modalit\u00e0:<\/p>\n\n\n\n<p>1) i dati sono raccolti automaticamente ed esclusivamente nel database del nostro&nbsp;<strong>gestionale di fatturazione&nbsp;<\/strong>protetto da password&nbsp;e credenziali di accesso<\/p>\n\n\n\n<p>2)&nbsp;i dati sono comunicati, raccolti e conservati automaticamente nei&nbsp;database di&nbsp;Questura di Bologna &#8211; Imposta di soggiorno comune di Bologna &#8211; Ufficio statistiche Regione Emilia Romagna&nbsp;attraverso i&nbsp;relativi&nbsp;<strong>gestionali&nbsp;<\/strong>protetti&nbsp;da password e credenziali di accesso<\/p>\n\n\n\n<p>Diritti dell&#8217;interessato<\/p>\n\n\n\n<p>Ai sensi ai sensi dell&#8217;art. 7 (Diritto di accesso ai dati personali ed altri diritti) del Codice della Privacy, vi segnaliamo che i vostri diritti in ordine al trattamento dei dati sono:<\/p>\n\n\n\n<p>conoscere, mediante accesso gratuito l&#8217;esistenza di trattamenti di dati che possano riguardarvi;<\/p>\n\n\n\n<p>essere informati sulla natura e sulle finalit\u00e0 del trattamento<\/p>\n\n\n\n<p>ottenere a cura del titolare, senza ritardo:<\/p>\n\n\n\n<p>la conferma dell&#8217;esistenza o meno di dati personali che vi riguardano, anche se non ancora registrati, e la comunicazione in forma intellegibile dei medesimi dati e della loro origine, nonch\u00e9 della logica e delle finalit\u00e0 su cui si basa il trattamento; la richiesta pu\u00f2 essere rinnovata, salva l&#8217;esistenza di giustificati motivi, con intervallo non minore di novanta giorni;<\/p>\n\n\n\n<p>la cancellazione, la trasformazione in forma anonima o il blocco dei dati trattati in violazione di legge, compresi quelli di cui non \u00e8 necessaria la conservazione in relazione agli scopi per i quali i dati sono stati raccolti o successivamente trattati;<\/p>\n\n\n\n<p>l&#8217;aggiornamento, la rettifica ovvero, qualora vi abbia interesse, l&#8217;integrazione dei dati esistenti;<\/p>\n\n\n\n<p>opporvi in tutto o in parte per motivi legittimi al trattamento dei dati personali che vi riguardano ancorch\u00e9 pertinenti allo scopo della raccolta;<\/p>\n\n\n\n<p>Vi segnaliamo che il titolare del trattamento ad ogni effetto di legge \u00e8:<\/p>\n\n\n\n<p>dimore bolognesi<\/p>\n\n\n\n<p>via pizzardi, 11<\/p>\n\n\n\n<p>40138&nbsp;&#8211;&nbsp;Bologna&nbsp;(BO)<\/p>\n\n\n\n<p>Tel\/Fax:&nbsp;3927096757<\/p>\n\n\n\n<p>E-mail:&nbsp;dimorebolognesi@gmail.com<\/p>\n\n\n\n<p>Per esercitare i diritti previsti all&#8217;art. 7 del Codice della Privacy ovvero per la cancellazione dei vostri dati dall&#8217;archivio, \u00e8 sufficiente contattarci attraverso uno dei canali messi a disposizione.<\/p>\n\n\n\n<p>Tutti i dati sono protetti attraverso l&#8217;uso di antivirus, firewall e protezione attraverso password.<\/p>\n\n\n\n<p>Informazioni per i bambini<\/p>\n\n\n\n<p>Riteniamo importante assicurare una protezione aggiunta ai bambini online. Noi incoraggiamo i genitori e i tutori a trascorrere del tempo online con i loro figli per osservare, partecipare e\/o monitorare e guidare la loro attivit\u00e0 online. Noi non raccogliamo dati personali di minori. Se un genitore o un tutore crede che il nostro sito abbia nel suo database le informazioni personali di un bambino, vi preghiamo di contattarci immediatamente (utilizzando la mail fornita) e faremo di tutto per rimuovere tali informazioni il pi\u00f9 presto possibile.<\/p>\n","protected":false},"excerpt":{"rendered":"<p>Informativa ai sensi dell&#8217;art. 13 del Codice della Privacy Ai sensi dell&#8217;articolo 13 del codice della D.Lgs. 196\/2003, vi rendiamo le seguenti informazioni. Consenso Usando il nostro sito web,&nbsp;acconsenti alla nostra politica sulla privacy e accetti i suoi termini.&nbsp;Se desideri ulteriori informazioni o hai domande sulla nostra politica sulla privacy non esitare a contattarci. Questa [&hellip;]<\/p>\n","protected":false},"author":1,"featured_media":0,"parent":0,"menu_order":0,"comment_status":"closed","ping_status":"closed","template":"","meta":{"ocean_post_layout":"full-width","ocean_both_sidebars_style":"","ocean_both_sidebars_content_width":0,"ocean_both_sidebars_sidebars_width":0,"ocean_sidebar":"","ocean_second_sidebar":"","ocean_disable_margins":"enable","ocean_add_body_class":"","ocean_shortcode_before_top_bar":"","ocean_shortcode_after_top_bar":"","ocean_shortcode_before_header":"","ocean_shortcode_after_header":"","ocean_has_shortcode":"","ocean_shortcode_after_title":"","ocean_shortcode_before_footer_widgets":"","ocean_shortcode_after_footer_widgets":"","ocean_shortcode_before_footer_bottom":"","ocean_shortcode_after_footer_bottom":"","ocean_display_top_bar":"default","ocean_display_header":"default","ocean_header_style":"","ocean_center_header_left_menu":"","ocean_custom_header_template":"","ocean_custom_logo":0,"ocean_custom_retina_logo":0,"ocean_custom_logo_max_width":0,"ocean_custom_logo_tablet_max_width":0,"ocean_custom_logo_mobile_max_width":0,"ocean_custom_logo_max_height":0,"ocean_custom_logo_tablet_max_height":0,"ocean_custom_logo_mobile_max_height":0,"ocean_header_custom_menu":"","ocean_menu_typo_font_family":"","ocean_menu_typo_font_subset":"","ocean_menu_typo_font_size":0,"ocean_menu_typo_font_size_tablet":0,"ocean_menu_typo_font_size_mobile":0,"ocean_menu_typo_font_size_unit":"px","ocean_menu_typo_font_weight":"","ocean_menu_typo_font_weight_tablet":"","ocean_menu_typo_font_weight_mobile":"","ocean_menu_typo_transform":"","ocean_menu_typo_transform_tablet":"","ocean_menu_typo_transform_mobile":"","ocean_menu_typo_line_height":0,"ocean_menu_typo_line_height_tablet":0,"ocean_menu_typo_line_height_mobile":0,"ocean_menu_typo_line_height_unit":"","ocean_menu_typo_spacing":0,"ocean_menu_typo_spacing_tablet":0,"ocean_menu_typo_spacing_mobile":0,"ocean_menu_typo_spacing_unit":"","ocean_menu_link_color":"","ocean_menu_link_color_hover":"","ocean_menu_link_color_active":"","ocean_menu_link_background":"","ocean_menu_link_hover_background":"","ocean_menu_link_active_background":"","ocean_menu_social_links_bg":"","ocean_menu_social_hover_links_bg":"","ocean_menu_social_links_color":"","ocean_menu_social_hover_links_color":"","ocean_disable_title":"default","ocean_disable_heading":"default","ocean_post_title":"","ocean_post_subheading":"","ocean_post_title_style":"","ocean_post_title_background_color":"","ocean_post_title_background":0,"ocean_post_title_bg_image_position":"","ocean_post_title_bg_image_attachment":"","ocean_post_title_bg_image_repeat":"","ocean_post_title_bg_image_size":"","ocean_post_title_height":0,"ocean_post_title_bg_overlay":0.5,"ocean_post_title_bg_overlay_color":"","ocean_disable_breadcrumbs":"default","ocean_breadcrumbs_color":"","ocean_breadcrumbs_separator_color":"","ocean_breadcrumbs_links_color":"","ocean_breadcrumbs_links_hover_color":"","ocean_display_footer_widgets":"default","ocean_display_footer_bottom":"default","ocean_custom_footer_template":"","footnotes":""},"class_list":["post-461","page","type-page","status-publish","hentry","entry"],"yoast_head":"<!-- This site is optimized with the Yoast SEO plugin v27.4 - https:\/\/yoast.com\/product\/yoast-seo-wordpress\/ -->\n<title>Privacy Policy - Appartamenti Vacanza a Bologna | Dimore Bolognesi<\/title>\n<meta name=\"robots\" content=\"index, follow, max-snippet:-1, max-image-preview:large, max-video-preview:-1\" \/>\n<link rel=\"canonical\" href=\"https:\/\/dimorebolognesi.com\/index.php\/privacy-policy-2\/\" \/>\n<meta property=\"og:locale\" content=\"it_IT\" \/>\n<meta property=\"og:type\" content=\"article\" \/>\n<meta property=\"og:title\" content=\"Privacy Policy - Appartamenti Vacanza a Bologna | Dimore Bolognesi\" \/>\n<meta property=\"og:description\" content=\"Informativa ai sensi dell&#8217;art. 13 del Codice della Privacy Ai sensi dell&#8217;articolo 13 del codice della D.Lgs. 196\/2003, vi rendiamo le seguenti informazioni. Consenso Usando il nostro sito web,&nbsp;acconsenti alla nostra politica sulla privacy e accetti i suoi termini.&nbsp;Se desideri ulteriori informazioni o hai domande sulla nostra politica sulla privacy non esitare a contattarci. Questa [&hellip;]\" \/>\n<meta property=\"og:url\" content=\"https:\/\/dimorebolognesi.com\/index.php\/privacy-policy-2\/\" \/>\n<meta property=\"og:site_name\" content=\"Appartamenti Vacanza a Bologna | Dimore Bolognesi\" \/>\n<meta property=\"article:publisher\" content=\"https:\/\/www.facebook.com\/affittibrevibologna\" \/>\n<meta property=\"article:modified_time\" content=\"2024-07-08T08:15:33+00:00\" \/>\n<meta name=\"twitter:card\" content=\"summary_large_image\" \/>\n<meta name=\"twitter:label1\" content=\"Tempo di lettura stimato\" \/>\n\t<meta name=\"twitter:data1\" content=\"9 minuti\" \/>\n<script type=\"application\/ld+json\" class=\"yoast-schema-graph\">{\"@context\":\"https:\\\/\\\/schema.org\",\"@graph\":[{\"@type\":\"WebPage\",\"@id\":\"https:\\\/\\\/dimorebolognesi.com\\\/index.php\\\/privacy-policy-2\\\/\",\"url\":\"https:\\\/\\\/dimorebolognesi.com\\\/index.php\\\/privacy-policy-2\\\/\",\"name\":\"Privacy Policy - Appartamenti Vacanza a Bologna | Dimore Bolognesi\",\"isPartOf\":{\"@id\":\"https:\\\/\\\/dimorebolognesi.com\\\/#website\"},\"datePublished\":\"2024-07-08T08:15:15+00:00\",\"dateModified\":\"2024-07-08T08:15:33+00:00\",\"breadcrumb\":{\"@id\":\"https:\\\/\\\/dimorebolognesi.com\\\/index.php\\\/privacy-policy-2\\\/#breadcrumb\"},\"inLanguage\":\"it-IT\",\"potentialAction\":[{\"@type\":\"ReadAction\",\"target\":[\"https:\\\/\\\/dimorebolognesi.com\\\/index.php\\\/privacy-policy-2\\\/\"]}]},{\"@type\":\"BreadcrumbList\",\"@id\":\"https:\\\/\\\/dimorebolognesi.com\\\/index.php\\\/privacy-policy-2\\\/#breadcrumb\",\"itemListElement\":[{\"@type\":\"ListItem\",\"position\":1,\"name\":\"Home\",\"item\":\"https:\\\/\\\/dimorebolognesi.com\\\/\"},{\"@type\":\"ListItem\",\"position\":2,\"name\":\"Privacy Policy\"}]},{\"@type\":\"WebSite\",\"@id\":\"https:\\\/\\\/dimorebolognesi.com\\\/#website\",\"url\":\"https:\\\/\\\/dimorebolognesi.com\\\/\",\"name\":\"Dimore Bolognesi\",\"description\":\"Affitti brevi &amp; appartamenti turistici\",\"publisher\":{\"@id\":\"https:\\\/\\\/dimorebolognesi.com\\\/#organization\"},\"potentialAction\":[{\"@type\":\"SearchAction\",\"target\":{\"@type\":\"EntryPoint\",\"urlTemplate\":\"https:\\\/\\\/dimorebolognesi.com\\\/?s={search_term_string}\"},\"query-input\":{\"@type\":\"PropertyValueSpecification\",\"valueRequired\":true,\"valueName\":\"search_term_string\"}}],\"inLanguage\":\"it-IT\"},{\"@type\":\"Organization\",\"@id\":\"https:\\\/\\\/dimorebolognesi.com\\\/#organization\",\"name\":\"Dimore Bolognesi\",\"url\":\"https:\\\/\\\/dimorebolognesi.com\\\/\",\"logo\":{\"@type\":\"ImageObject\",\"inLanguage\":\"it-IT\",\"@id\":\"https:\\\/\\\/dimorebolognesi.com\\\/#\\\/schema\\\/logo\\\/image\\\/\",\"url\":\"https:\\\/\\\/dimorebolognesi.com\\\/wp-content\\\/uploads\\\/2025\\\/11\\\/cropped-logo-rettangolare-db-nov-25-1.jpg\",\"contentUrl\":\"https:\\\/\\\/dimorebolognesi.com\\\/wp-content\\\/uploads\\\/2025\\\/11\\\/cropped-logo-rettangolare-db-nov-25-1.jpg\",\"width\":1366,\"height\":375,\"caption\":\"Dimore Bolognesi\"},\"image\":{\"@id\":\"https:\\\/\\\/dimorebolognesi.com\\\/#\\\/schema\\\/logo\\\/image\\\/\"},\"sameAs\":[\"https:\\\/\\\/www.facebook.com\\\/affittibrevibologna\",\"https:\\\/\\\/www.instagram.com\\\/affitti_brevi_bologna\\\/\"]}]}<\/script>\n<!-- \/ Yoast SEO plugin. -->","yoast_head_json":{"title":"Privacy Policy - Appartamenti Vacanza a Bologna | Dimore Bolognesi","robots":{"index":"index","follow":"follow","max-snippet":"max-snippet:-1","max-image-preview":"max-image-preview:large","max-video-preview":"max-video-preview:-1"},"canonical":"https:\/\/dimorebolognesi.com\/index.php\/privacy-policy-2\/","og_locale":"it_IT","og_type":"article","og_title":"Privacy Policy - Appartamenti Vacanza a Bologna | Dimore Bolognesi","og_description":"Informativa ai sensi dell&#8217;art. 13 del Codice della Privacy Ai sensi dell&#8217;articolo 13 del codice della D.Lgs. 196\/2003, vi rendiamo le seguenti informazioni. Consenso Usando il nostro sito web,&nbsp;acconsenti alla nostra politica sulla privacy e accetti i suoi termini.&nbsp;Se desideri ulteriori informazioni o hai domande sulla nostra politica sulla privacy non esitare a contattarci. Questa [&hellip;]","og_url":"https:\/\/dimorebolognesi.com\/index.php\/privacy-policy-2\/","og_site_name":"Appartamenti Vacanza a Bologna | Dimore Bolognesi","article_publisher":"https:\/\/www.facebook.com\/affittibrevibologna","article_modified_time":"2024-07-08T08:15:33+00:00","twitter_card":"summary_large_image","twitter_misc":{"Tempo di lettura stimato":"9 minuti"},"schema":{"@context":"https:\/\/schema.org","@graph":[{"@type":"WebPage","@id":"https:\/\/dimorebolognesi.com\/index.php\/privacy-policy-2\/","url":"https:\/\/dimorebolognesi.com\/index.php\/privacy-policy-2\/","name":"Privacy Policy - Appartamenti Vacanza a Bologna | Dimore Bolognesi","isPartOf":{"@id":"https:\/\/dimorebolognesi.com\/#website"},"datePublished":"2024-07-08T08:15:15+00:00","dateModified":"2024-07-08T08:15:33+00:00","breadcrumb":{"@id":"https:\/\/dimorebolognesi.com\/index.php\/privacy-policy-2\/#breadcrumb"},"inLanguage":"it-IT","potentialAction":[{"@type":"ReadAction","target":["https:\/\/dimorebolognesi.com\/index.php\/privacy-policy-2\/"]}]},{"@type":"BreadcrumbList","@id":"https:\/\/dimorebolognesi.com\/index.php\/privacy-policy-2\/#breadcrumb","itemListElement":[{"@type":"ListItem","position":1,"name":"Home","item":"https:\/\/dimorebolognesi.com\/"},{"@type":"ListItem","position":2,"name":"Privacy Policy"}]},{"@type":"WebSite","@id":"https:\/\/dimorebolognesi.com\/#website","url":"https:\/\/dimorebolognesi.com\/","name":"Dimore Bolognesi","description":"Affitti brevi &amp; appartamenti turistici","publisher":{"@id":"https:\/\/dimorebolognesi.com\/#organization"},"potentialAction":[{"@type":"SearchAction","target":{"@type":"EntryPoint","urlTemplate":"https:\/\/dimorebolognesi.com\/?s={search_term_string}"},"query-input":{"@type":"PropertyValueSpecification","valueRequired":true,"valueName":"search_term_string"}}],"inLanguage":"it-IT"},{"@type":"Organization","@id":"https:\/\/dimorebolognesi.com\/#organization","name":"Dimore Bolognesi","url":"https:\/\/dimorebolognesi.com\/","logo":{"@type":"ImageObject","inLanguage":"it-IT","@id":"https:\/\/dimorebolognesi.com\/#\/schema\/logo\/image\/","url":"https:\/\/dimorebolognesi.com\/wp-content\/uploads\/2025\/11\/cropped-logo-rettangolare-db-nov-25-1.jpg","contentUrl":"https:\/\/dimorebolognesi.com\/wp-content\/uploads\/2025\/11\/cropped-logo-rettangolare-db-nov-25-1.jpg","width":1366,"height":375,"caption":"Dimore Bolognesi"},"image":{"@id":"https:\/\/dimorebolognesi.com\/#\/schema\/logo\/image\/"},"sameAs":["https:\/\/www.facebook.com\/affittibrevibologna","https:\/\/www.instagram.com\/affitti_brevi_bologna\/"]}]}},"_links":{"self":[{"href":"https:\/\/dimorebolognesi.com\/index.php\/wp-json\/wp\/v2\/pages\/461","targetHints":{"allow":["GET"]}}],"collection":[{"href":"https:\/\/dimorebolognesi.com\/index.php\/wp-json\/wp\/v2\/pages"}],"about":[{"href":"https:\/\/dimorebolognesi.com\/index.php\/wp-json\/wp\/v2\/types\/page"}],"author":[{"embeddable":true,"href":"https:\/\/dimorebolognesi.com\/index.php\/wp-json\/wp\/v2\/users\/1"}],"replies":[{"embeddable":true,"href":"https:\/\/dimorebolognesi.com\/index.php\/wp-json\/wp\/v2\/comments?post=461"}],"version-history":[{"count":0,"href":"https:\/\/dimorebolognesi.com\/index.php\/wp-json\/wp\/v2\/pages\/461\/revisions"}],"wp:attachment":[{"href":"https:\/\/dimorebolognesi.com\/index.php\/wp-json\/wp\/v2\/media?parent=461"}],"curies":[{"name":"wp","href":"https:\/\/api.w.org\/{rel}","templated":true}]}}